{"id":251,"date":"2021-05-11T20:34:28","date_gmt":"2021-05-11T20:34:28","guid":{"rendered":"https:\/\/www.carollyne.nl\/?page_id=251"},"modified":"2023-06-26T10:29:19","modified_gmt":"2023-06-26T10:29:19","slug":"uitgebreide-achtergrond","status":"publish","type":"page","link":"https:\/\/www.carollyne.nl\/en\/uitgebreide-achtergrond\/","title":{"rendered":"Uitgebreide Achtergrond"},"content":{"rendered":"\n<p>Hieronder mijn uitgebreide opleidings- en ervaringsachtergrond op gebied van: BEGELEIDING, MASSAGE &amp; LICHAAMSWERK | MARTIAL ARTS, OOSTERSE KRIJGSKUNSTEN &amp; ZELFVERDEDIGING | UNIVERSITAIRE OPLEIDINGEN.<\/p>\n\n\n\n<p>Wil je meer informatie of wil je een afspraak maken <a href=\"https:\/\/www.carollyne.nl\/contact\/\"><span style=\"text-decoration: underline;\">bel of mail me<\/span><\/a> gerust, ik kijk naar je uit.<\/p>\n\n\n\n<p><strong>BEGELEIDING, MASSAGE &amp; LICHAAMSWERK<\/strong><\/p>\n\n\n\n<ul class=\"wp-block-list\"><li><span class=\"has-inline-color has-cyan-bluish-gray-color\"><strong>2023 Sept \u2013 From illness to healing \u2013 Massage techniques for working with trauma \u201cWarm hands on an aching body\u201d <\/strong>(5-daagse cursus)<br>Roni Gilboa \u2013 The Yuri Shtern Holistic Care Center (Jerusalem, Isra\u00ebl)\/Memorial Sloan Kettering Cancer Center in (New York) \u2013 Borkel en Schaft, Nederland<\/span><\/li><li><span class=\"has-inline-color has-cyan-bluish-gray-color\"><strong>2023 Juni \u2013 Thai Acupressure: treatment of Lower Body Disorders <\/strong>(<strong>assistent<\/strong> bij 5-daagse cursus)<br>Noam Tyroler \u2013 School of Thai Acupressure (Metula, Isra\u00ebl) \u2013 Borkel en Schaft, Nederland<\/span><\/li><li><span class=\"has-inline-color has-cyan-bluish-gray-color\"><strong>2023 Mei \u2013 Thaise Zwangerschaps- &amp; Post-partum massage<\/strong> (5-daagse cursus)<br>Noam Tyroler \u2013 School of Thai Acupressure (Metula, Isra\u00ebl) \u2013 Borkel en Schaft, Nederland<\/span><\/li><li><strong>2023 Feb \u2013 Trauma of Racism \u2013 Strategies for Working with the Wounds of Racism<\/strong>.<br>Georganiseerd door Dr. Thema Bryant en Dr. Ruth Buczynski. Voor dit traumatrainingsprogramma hebben we ons gewend tot 19 experts op het gebied van multiculturele psychologie. Ze deelden hun beste cultureel ge\u00efnformeerde strategie\u00ebn om cli\u00ebnten van kleur te helpen genezen van de verborgen wonden van raciaal trauma. Mogelijk gemaakt door <a rel=\"noreferrer noopener\" href=\"https:\/\/www.nicabm.com\/program\/trauma-racism\/\" target=\"_blank\">NICABM &#8211; National Institute fore the Clinical Application of Behavioural Medicine<\/a> (National Institute voor de klinische toepassing van gedragsgeneeskunde)<\/li><li><strong>2022 Nov \u2013 Thaise Zwangerschapsmassage<\/strong> (<strong>assistent<\/strong> bij 3-daagse cursus)<br>Thai Dee \u2013 Borkel en Schaft, Nederland<\/li><li><strong>2022 Okt \u2013 Thai Acupressure: treatment of Upper Body Disorders <\/strong>(<strong>assistent<\/strong> bij 5-daagse cursus)<br>Noam Tyroler \u2013 School of Thai Acupressure (Metula, Isra\u00ebl) \u2013 Borkel en Schaft, Nederland<\/li><li><strong>2022 Sept t\/m heden \u2013 Assistentdocent en gastdocent<\/strong> bij Thai Dee (erkend HBO-opleidingsinstituut voor Thaise massagetherapie) \u2013 Borkel en Schaft, Nederland<\/li><li><strong>2022 Sept \u2013 Aanraaktherapie en traumaverwerking voor mensen die met kanker te maken hebben \u2013 Thaise Massage in de Oncologische omgeving <\/strong>(5-daagse cursus)<br>Roni Gilboa \u2013 The Yuri Shtern Holistic Care Center (Jerusalem, Isra\u00ebl)\/Memorial Sloan Kettering Cancer Center in (New York) \u2013 Borkel en Schaft, Nederland<\/li><li><strong>2022 Mei \u2013 Thai Acupressure: treatment of Lower Body Disorders <\/strong>(5-daagse cursus)<br>Noam Tyroler \u2013 School of Thai Acupressure (Metula, Isra\u00ebl) \u2013 Borkel en Schaft, Nederland<\/li><li><strong>2022 April \u2013 The Wisdom of Trauma 70+ hours of continued learning<\/strong><br>Gabor Mat\u00e9 en andere impactvolle stemmen op het gebied van traumagenezing.<br>Deze cursus van Science and Nonduality (<a rel=\"noreferrer noopener\" href=\"https:\/\/www.scienceandnonduality.com\/\" target=\"_blank\">SAND<\/a>) is een essenti\u00eble gids voor het begrijpen en integreren van trauma door middel van educatief materiaal met Dr. Gabor Mat\u00e9, in gesprek met 72 toonaangevende experts, artiesten, auteurs en activisten zoals Stephen W. Porges, Jamie Lee Curtis, Esther Perel, Bessel van der Kolk , Tara Brach, Alanis Morissette, Peter A. Levine, Daniel Siegel, Sia, Marianne Williamson, Sharon Salzberg en nog veel meer. Bezoek voor de volledige lijst en meer info <a rel=\"noreferrer noopener\" href=\"https:\/\/thewisdomoftrauma.com\/the-wisdom-of-trauma-all-access-pass\/\" target=\"_blank\">thewisdomoftrauma.com<\/a> en <a rel=\"noreferrer noopener\" href=\"https:\/\/drgabormate.com\/courses\" target=\"_blank\">drgabormate.com<\/a>.<br><br>Deze krachtige gids geeft iedereen de mogelijkheid om op eigen tempo te onderzoeken hoe trauma zich verhoudt tot elk facet van het leven, inclusief ouderschap, politiek, klimaatcrisis, het medische paradigma, spiritualiteit en meer. Leer van de wijsheid en helderheid van Dr. Mat\u00e9 en andere dynamische stemmen om de individuele en collectieve ervaring op het pad van ware genezing uit te breiden. Inbegrepen in dit programma:<br>* Terugkeren naar heelheid &#8211; een gids voor het begrijpen en integreren van trauma &#8211; 7 uur durende cursus met Dr. Gabor Mat\u00e9<br>* Cursusprogramma van 60 uur over trauma<br>* Serie &#8216;Talks on Trauma&#8217; gepresenteerd door Dr. Gabor Mat\u00e9<br>* Documentaire over het werk van Gabor Mat\u00e9: The Wisdom of Trauma<\/li><li><strong>2022 Jan \u2013 Thaise stoelmassage (2-daagse cursus)<\/strong><br>Thai Dee \u2013 Nieuwegein, Nederland<\/li><li><span class=\"has-inline-color has-cyan-bluish-gray-color\"><strong>2020 \u2013 2021 Medische Basiskennis <\/strong>(1-jarige opleiding)<br>Lopende opleiding bij EsoTerra \u2013 Bilthoven, Nederland<\/span><\/li><li><span class=\"has-inline-color has-cyan-bluish-gray-color\"><strong>2020 \u2013 2021 \u2013 Thai Massage Therapeut<\/strong> (3-jarige opleiding)<br>Lopende opleiding bij Thai Dee \u2013 Nieuwegein, Nederland<\/span><\/li><\/ul>\n\n\n\n<ul class=\"wp-block-list\"><li><span class=\"has-inline-color has-black-color\"><strong>2020 t\/m heden \u2013 diverse langdurige Individuele Begeleidingstrajecten<\/strong><br>Enkel in samenwerking met de individuele cli\u00ebnten, die in sommige gevallen ook zorg inkopen bij andere hulpverleners \u2013 Amsterdam en regio Leiden, Nederland<\/span><\/li><\/ul>\n\n\n\n<ul class=\"wp-block-list\"><li><span class=\"has-inline-color has-black-color\"><strong>2019 Nov \u2013 Thai Acupressure for Orthopedic Disorders <\/strong>(10-daagse cursus \u2013 60 uur)<br>Noam Tyroler \u2013 Sunshine Massage School \u2013 Chiang Mai, Thailand<\/span><\/li><\/ul>\n\n\n\n<ul class=\"wp-block-list\"><li><span class=\"has-inline-color has-black-color\"><strong>2019 Mei \u2013 Embodied Trauma Healing \u2013 restoring aliveness<\/strong> (8 dagen seminar)<br>Ralf Marzen \u2013 Sunshine House \u2013 Evia eiland, Griekenland<br><strong>De onderwerpen:<\/strong> Shocktrauma en Ontwikkelingstrauma. <strong>De benadering van behandeltechnieken:<\/strong> SE (Somatic Experiencing) en NARM (Neuro-Affectief Relationeel Model) zijn lichaamsgerichte therapie\u00ebn die werken met de effecten van shock, trauma en stress. Door toegang te krijgen tot het bewustzijn van het lichaam verbinden ze ons opnieuw met onze eigen natuurlijk (zelf)helende capaciteiten. Hierdoor kunnen zowel fysieke als emotionele symptomen van traumatische gebeurtenissen worden losgelaten.<\/span><\/li><\/ul>\n\n\n\n<ul class=\"wp-block-list\"><li><span class=\"has-inline-color has-black-color\"><strong><strong>2019 Mrt t\/m Jul \u2013 Intensief Individueel Begeleidingstraject<\/strong> <\/strong>(21 tot 51 uur per maand)<br>In samenwerking met familieleden en andere begeleiders \u2013 Haarlem en Amstelveen, Nederland<\/span><\/li><\/ul>\n\n\n\n<ul class=\"wp-block-list\"><li><span class=\"has-inline-color has-black-color\"><strong>2019 Mrt \u2013 Structural Energy Awakening (SEA) <\/strong>(2 dagen priv\u00e9-onderwijs \u2013 10 uur)<br>Mike Tan \u2013 SEA Bodywork \u2013 Chiang Mai, Thailand<\/span><\/li><li><span class=\"has-inline-color has-black-color\"><strong>2019 Mrt \u2013 Therapeutische Thai Massage<\/strong> (10-daagse cursus \u2013 60 uur)<br>Suriyan Punyafoo \u2013 Sunshine Massage School \u2013 Chiang Mai, Thailand<\/span><\/li><li><span class=\"has-inline-color has-black-color\"><strong><em>Specifieke behandelprotocollen voor:<\/em><\/strong><br><em>* Verzwikte enkel<\/em><br><em>* Menstruatieklachten<\/em><br><em>* Hoofdpijn &amp; Migraine<\/em><br><em>* Lage onderrugpijn met uitstraling\/pijn naar bovenbeen tot de knie (o.a. ischias\/piriformis-syndroom)<\/em><br><em>* Middenrugpijn met uitstraling\/pijn naar bovenbeen \u00e9n stijve kuit (o.a. ischias \/piriformis-syndroom)<\/em><br><em>* Schouderklachten o.a. Frozen shoulder<\/em><br><em>* Stijve nek<\/em><br><em>* Triggerfinger, pijnlijke\/stijve vingers\/handen in het algemeen, artritis<\/em><\/span><\/li><li><span class=\"has-inline-color has-black-color\"><strong>2019 Feb \u2013 Postpartum Moeder Thai Behandelingen (Yu Fai)<\/strong> (2-daagse cursus \u2013 12 uur)<br>Ong\u2019s Thai Massage School \u2013 Chiang Mai, Thailand<\/span><\/li><li><span class=\"has-inline-color has-black-color\"><strong>2019 Feb \u2013 Zwangerschaps-, Baby- en Kindermassage<\/strong> (2-daagse cursus \u2013 12 uur)<br>Ong\u2019s Thai Massage School \u2013 Chiang Mai, Thailand<\/span><\/li><\/ul>\n\n\n\n<ul class=\"wp-block-list\"><li><span class=\"has-inline-color has-black-color\"><strong>2019 Feb<\/strong> <strong>\u2013 KamInTouch 30e Thai Yoga Massage Symposium<\/strong> (7 dagen)<br>Amaravati Ashram \u2013 Mae Rim, Thailand<br>*<strong><strong> <\/strong><\/strong>Sri Anatta \u2013<strong><strong> <strong>Metta &amp; Dharma presentatie<\/strong><\/strong><\/strong><br>* Carollyne Tjong Ayong \u2013 <strong>Safe space &amp; Safe touch (as it relates to Thai Yoga Massage)<\/strong><br>* Ramy Abou Jaoude &amp; Carollyne Tjong Ayong \u2013 <strong>Animal Locomotion &amp; Martial Arts Yoga<\/strong><br>* Gisele Seto \u2013 <strong>Practitioner\u2019s Self-Care Budokon Yoga Flow<\/strong> and <strong>reviewing Thai yoga massage foundations \u2013 palpating, simplifying, the mind\/body<\/strong><br>* Albert Lee \u2013 <strong>Wang Ji Wu Neigong: Exercises for Health and Longevity<\/strong><br>* Kenneth Chen \u2013 <strong>Therapeutic view on essential energetic (sen\/marma) and biomechanical principles: working with the elderly and pregnancy (prenatal &amp; postnatal)<\/strong>,<strong> A tango face-off of Thai yoga massage creative infusions<\/strong> and <strong>special elements in building a successful Thai yoga massage career<\/strong><br>* Edgardo Beilin \u2013 <strong>Shoulder and Lower Back Protocols in Thai Massage<\/strong><br>* Daniel Reid \u2013 <strong>The Tao of Health, Sex &amp; Longevity <\/strong>and<strong> Traditional Chinese Medicine<\/strong><br>* Valerie Gaillard \u2013<strong> Zen shiatsu approach to Thai massage using the hara and Ki (vital energy flow)<\/strong><br>* Emily Baxter \u2013 <strong>Partner &amp; Acro Yoga<\/strong><br>* Ramy Abou Jaoude \u2013 <strong>Sports therapy &amp; plexology as multidisciplinary applications in Traditional Thai Massage<\/strong><br>* Dominique Warfield \u2013 <strong>Devoted &amp; Mystic: Stories of Thai massage<\/strong><br>* Ralf Marzen \u2013 <strong>Embodied Trauma Healing, as it relates to Thai Yoga Massage<\/strong><br>* Patty Murray \u2013 <strong>Healing Thai Yoga Touch &amp; Reiki (for both yin yoga classes &amp; families with addiction)<\/strong><br>* Michael Sitzer \u2013 <strong>Incorporating metta &amp; spirituality into Thai Massage classes<\/strong><br>* Kaori Endo \u2013 <strong>Feeling is Healing, techniques based on natural therapies such as: Sen Therapy Nuad Bo-Rarn Thai (Khun Chongkol), Advanced Thai Medical Massage Therapy (Khun Sarmat), Lek Chaiya Traditional Nerve-Touch Massage (Mama Lek), and Thai massage for babies and infants<\/strong><\/span><\/li><li><span class=\"has-inline-color has-black-color\"><strong>2019 Jan \u2013 Structural Energy Awakening (SEA) Foundations <\/strong>(5-daagse cursus \u2013 30 uur)<br>Mike Tan \u2013 SEA Bodywork \u2013 Chiang Mai, Thailand<\/span><\/li><li><span class=\"has-inline-color has-black-color\"><strong>2019 Jan \u2013 Yoga for Menstruation <\/strong>(4 uur workshop)<br>Nadia Farahani \u2013 Women\u2019s Healing Systems \u2013 Auroville, India<\/span><\/li><\/ul>\n\n\n\n<ul class=\"wp-block-list\"><li><span class=\"has-inline-color has-black-color\"><strong><strong><strong>2019 Jan \u2013 Cursus Lach Yoga Begeleiding<\/strong> <\/strong><\/strong>(2-daagse theoriecursus + 3 praktijklessen \u2013 20 uur)<br>Nikhil Thapar \u2013 Auroville, India<\/span><\/li><\/ul>\n\n\n\n<ul class=\"wp-block-list\"><li><span class=\"has-inline-color has-vivid-cyan-blue-color\"><strong><span class=\"has-inline-color has-vivid-cyan-blue-color\"><\/span><\/strong><\/span><span class=\"has-inline-color has-black-color\"><strong>2019 Jan \u2013 Traditionele Thai Yoga Massage &amp; Teacher Training <\/strong>(7-daagse cursus \u2013 50 uur)<br>Itzhak Helman \u2013 The School Of Thai Yoga Massage Around The World \u2013&nbsp;Auroville, India<\/span><\/li><li><span class=\"has-inline-color has-black-color\"><strong>2019 Jan \u2013&nbsp;Traditionele Thai Yoga Massage for advanced Practitioners &amp; Teacher Training <\/strong>(5-daagse cursus \u2013 40 uur)<br>Itzhak Helman \u2013 The School Of Thai Yoga Massage Around The World \u2013&nbsp;Auroville, India<\/span><\/li><\/ul>\n\n\n\n<ul class=\"wp-block-list\"><li><span class=\"has-inline-color has-black-color\"><strong><strong><strong><strong><strong><strong><strong>2019 Jan \u2013 Bewustzijn door het lichaam (Awareness through the Body (ATB)<\/strong>)<\/strong><\/strong><\/strong><\/strong><\/strong><\/strong> (2-uurs workshop)<br>Stefania \u2013 Auroville, India<\/span><\/li><\/ul>\n\n\n\n<ul class=\"wp-block-list\"><li><span class=\"has-inline-color has-black-color\"><strong>2018 Sept \u2013 Thai Acupressure: treatment of Lower Body Disorders <\/strong>(5-daagse cursus)<\/span><br><span class=\"has-inline-color has-black-color\">Noam Tyroler \u2013 School of Thai Acupressure \u2013 Riethoven, Nederland<\/span><\/li><li><span class=\"has-inline-color has-black-color\"><strong>2018 Aug \u2013 Traditional Thai Yoga Massage &amp; Teacher Training <\/strong>(10-daagse \u2013 90 uur)<\/span><br><span class=\"has-inline-color has-black-color\">Itzhak Helman \u2013 School of Thai Massage Around the world \u2013 Amsterdam, Nederland<\/span><\/li><li><span class=\"has-inline-color has-black-color\"><strong>2018 Feb \u2013 <\/strong>(maandcursus \u2013 200 uur)Thai Massage Circus \u2013 The Sunshine Network \u2013 Waterfall Sanctuary, Luang Prabang, Laos<\/span><br><span class=\"has-inline-color has-black-color\">* Arno L\u2019Hermitte, Ithzak Helman, Pau Castellsagu\u00e9, Thomas Blobelt \u2013 <strong>Thai Yoga Massage (Basis &amp; Therapeutisch) &amp; Osteopathie<\/strong><\/span><br><span class=\"has-inline-color has-black-color\">* Rachel Ellery \u2013 <strong>Anatomie &amp; Biomechanica<\/strong><\/span><br><span class=\"has-inline-color has-black-color\">* Nico Trian \u2013 <strong>Chi Gong<\/strong><\/span><br><span class=\"has-inline-color has-black-color\">* Anastasis Koutsogiannis, Danny Paradise, Sonia Ama \u2013 <strong>diverse Yoga disciplines &amp; Meditatie<\/strong><\/span><\/li><li><span class=\"has-inline-color has-black-color\"><strong>2018 Jan \u2013 Traditional Thai Massage and The 5 Bodies <\/strong>(5-daagse cursus \u2013 30 uur)<\/span><br><span class=\"has-inline-color has-black-color\">Ralf Marzen \u2013 Sunshine, School of Traditional Thai Massage \u2013 Chiang Mai, Thailand<\/span><\/li><li><span class=\"has-inline-color has-black-color\"><strong>2018 Jan \u2013 Traditionele Thai Yoga Massage for advanced Practitioners <\/strong>(35 uur)<\/span><\/li><li><span class=\"has-inline-color has-black-color\"><strong>2017 Dec \u2013 Traditionele Thai Yoga Massage &amp; Teacher Training <\/strong>(10-daagse cursus \u2013 90 uur)<\/span><br><span class=\"has-inline-color has-black-color\">Itzhak Helman \u2013 The School Of Thai Yoga Massage Around The World \u2013 Auroville, India<\/span><\/li><\/ul>\n\n\n\n<ul class=\"wp-block-list\"><li><span class=\"has-inline-color has-black-color\"><strong><strong><strong><strong><strong><strong>2017 Mrt t\/m Sept <\/strong>7 trainingsdagen &amp; wekelijks praktijkwerk<\/strong><\/strong><\/strong><\/strong><\/strong><br>* Contact maken vanuit het Gevoel<br>* Su\u00efcide Preventie<br>* Persoonlijkheidsstoornissen<br>Jan Willem &amp; Joke \u2013 <strong>Hulplijn Amsterdam<\/strong> \u2013 Amsterdam, Nederland<\/span><\/li><\/ul>\n\n\n\n<ul class=\"wp-block-list\"><li><span class=\"has-inline-color has-black-color\"><strong>2017 Jul \u2013 Nuad Thai Massage <\/strong>(10-daagse cursus \u2013 90 uur)<\/span><br><span class=\"has-inline-color has-black-color\">Itzhak Helman en Pau Castellsaqu\u00e9 \u2013 Sunshine Network \u2013 Wenen, Oostenrijk<\/span><\/li><li><span class=\"has-inline-color has-black-color\"><strong>2017 Jan \u2013 Structural Energy Awakening (SEA) Fundamentals <\/strong>(55 uur)<\/span><br><span class=\"has-inline-color has-black-color\">Mike Tan \u2013 SEA Therapy \u2013 Chiang Mai, Thailand<\/span><\/li><li><span class=\"has-inline-color has-black-color\"><strong>2017 Jan \u2013 Body Assessment, Treatment and Rebalancing<\/strong> (24 uur)<\/span><br><span class=\"has-inline-color has-black-color\">Mike Tan \u2013 Sunshine, School of Traditional Thai Massage \u2013 Chiang Mai, Thailand<\/span><\/li><li><span class=\"has-inline-color has-black-color\"><strong>2017 Jan \u2013 Ayurveda &amp; Thai Massage Therapy<\/strong> (5-daagse cursus \u2013 30 uur)<\/span><br><span class=\"has-inline-color has-black-color\">Kam Thye Chow \u2013 Sunshine, School of Traditional Thai Massage \u2013 Chiang Mai, Thailand<\/span><\/li><li><span class=\"has-inline-color has-black-color\"><strong>2016 Dec \u2013 Thai Yoga Massage <\/strong>(11-daagse cursus \u2013 90 uur)<\/span><br><span class=\"has-inline-color has-black-color\">Itzhak Helman \u2013 Sunshine Network \u2013 Lahu Village, Thailand<\/span><\/li><li><span class=\"has-inline-color has-black-color\"><strong>2016 Dec \u2013 Dancing Thai Massage \u2013 Art of Transitioning <\/strong>(5-daagse cursus \u2013 30 uur)<\/span><br><span class=\"has-inline-color has-black-color\">Kam Thye Chow \u2013 Sunshine, School of Traditional Thai Massage \u2013 Chiang Mai, Thailand<\/span><\/li><li><span class=\"has-inline-color has-black-color\"><strong>2016 Dec \u2013 Energy Release &amp; Self Protection in Thai Massage <\/strong>(2-daagse cursus \u2013 12 uur)<\/span><br><span class=\"has-inline-color has-black-color\">Bob Haddad \u2013 Sunshine, School of Traditional Thai Massage \u2013 Chiang Mai, Thailand<\/span><\/li><li><span class=\"has-inline-color has-black-color\"><strong>2016 Sept \u2013 Level 1 Thai Yoga Massage \u2013 Nuad Bo Rarn <\/strong>(2-daagse cursus \u2013 12 uur)<\/span><br><span class=\"has-inline-color has-black-color\"><strong>2016 Okt \u2013 Level 2 Thai Yoga Massage \u2013 Nuad Bo Rarn <\/strong>(2-daagse cursus \u2013 12 uur))<\/span><br><span class=\"has-inline-color has-black-color\"><strong>2016 Okt \u2013 Level 1 Acupressure Therapy Massage for Health \u2013 Wat Po <\/strong>(2-daagse cursus \u2013 12 uur)<\/span><br><span class=\"has-inline-color has-black-color\">Nicole van Zurk &amp; Manuel Aguilera \u2013 ITM Thai Hand \u2013 Amsterdam, Nederland<\/span><\/li><li><span class=\"has-inline-color has-black-color\"><strong>2016 Aug\/ Sept \u2013 Nuat Thai, Wat Po, Traditional Thai Bodywork <\/strong>(2 maanden priv\u00e9-onderwijs)<\/span><br><span class=\"has-inline-color has-black-color\">Ren\u00e9 Marcellino \u2013 Thai Bodywork \u2013 Amsterdam\/Amersfoort, Nederland &amp; Parijs, Frankrijk<\/span><\/li><\/ul>\n\n\n\n<ul class=\"wp-block-list\"><li><span class=\"has-inline-color has-black-color\"><strong><strong><strong><strong><strong>2015 Jul \u2013 Innerfire training<\/strong><\/strong><\/strong><\/strong><\/strong> (8 dagen)<br>Wim Hof (The Iceman) \u2013 Innerfire \u2013 Monte Perdido\/Pyrenee\u00ebn, Spanje<br>* Wim Hof methode, adrenalineverhogende activiteiten, ademhalingstechnieken, koudebaden, yoga, zelfherstellend vermogen, eigen kracht en meer<\/span><\/li><\/ul>\n\n\n\n<ul class=\"wp-block-list\"><li><span class=\"has-inline-color has-black-color\"><strong>2015 Mrt \u2013 Reiki level 1 <\/strong>(1-daagse cursus)<br>Justin Peach \u2013 Amsterdam, Nederland<\/span><\/li><li><span class=\"has-inline-color has-black-color\"><strong>2012 Dec \u2013 Quantum Touch Level 1<\/strong><br>Armand Amatali \u2013 Quantum Touch \u2013 Paramaribo, Suriname<\/span><\/li><\/ul>\n\n\n\n<ul class=\"wp-block-list\"><li><span class=\"has-inline-color has-black-color\"><strong><strong><strong><strong>2011 t\/m 2014 \u2013 Diverse langdurige Individuele Begeleidingstrajecten<\/strong><\/strong><\/strong><\/strong><br>In samenwerking met diverse collega\u2019s en cli\u00ebnten van <strong>Vriend GGZ, Stichting CAV<\/strong> en <strong>Kopzorg<\/strong> \u2013 Amsterdam en Alkmaar, Nederland<\/span><\/li><li><strong>2011 t\/m 2012 <strong>\u2013<\/strong><\/strong> <strong>ADL &amp; HDL Begeleiding<\/strong><br>Bij <strong>Cordaan<\/strong> \u2013 Amsterdam, Nederland<\/li><\/ul>\n\n\n\n<ul class=\"wp-block-list\"><li><span class=\"has-inline-color has-black-color\"><strong>2011 t\/m 2013 \u2013 Incompany massage cursussen<\/strong><br>Spa Sport Hotel Zuiver \u2013 Amsterdam, Nederland<br>* Zwangerschapsmassage<br>* Lomi Lomi-massage<br>* Hotstone-massage<br>* Hamam-massage<\/span><\/li><li><span class=\"has-inline-color has-black-color\"><strong>2010 t\/m 2011 \u2013 (Sport) massage NESPG<\/strong> (1-jarige opleiding)<br>Leffelaar opleidingen Veerman College \u2013 Amsterdam, Nederland<\/span><\/li><\/ul>\n\n\n\n<ul class=\"wp-block-list\"><li><span class=\"has-inline-color has-black-color\"><strong>2002 t\/m 2004 <strong>\u2013<\/strong><\/strong> <strong>Passagiersbegeleiding<\/strong><br>Bij <strong>International Help for the Disabled (IHD)<\/strong> \u2013 Amsterdam\/Schiphol, Nederland<\/span><\/li><li><span class=\"has-inline-color has-black-color\"><strong>1998 t\/m 2001 <strong>\u2013<\/strong><\/strong> <strong>ADL &amp; HDL Begeleiding<\/strong><br>Bij <strong>Stichting Fokus<\/strong> en zelfstandig met particuliere cli\u00ebnten \u2013 Amsterdam, Nederland<\/span><\/li><\/ul>\n\n\n\n<p><strong>MARTIAL ARTS, OOSTERSE KRIJGSKUNSTEN &amp; ZELFVERDEDIGING<\/strong><\/p>\n\n\n\n<ul class=\"wp-block-list\"><li><span class=\"has-inline-color has-black-color\"><strong>2016 Apr \u2013 Rots &amp; Water voor vrouwen<\/strong> \u2013 8 trainingsdagen<\/span><\/li><li><span class=\"has-inline-color has-black-color\"><strong>Jarenlange trainingservaring waarbij geen graden werden uitgereikt<br><\/strong>Universitair Sport Centrum \u2013 Amsterdam &amp; Budo Academy Phshysical \u2013 Ede<br>* <strong>Brazilian Jiu Jitsu (ook wedstrijdervaring)<\/strong><br>* <strong>Grappling (ook wedstrijdervaring)<\/strong><br>* <strong>Boksen<\/strong><br>* <strong>Kickboksen<\/strong><br>* <strong>Karate (Kyokushinkai &amp; Wado Ryu)<\/strong><br>* <strong>MMA<\/strong><br>* <strong>Krav Maga<\/strong><\/span><\/li><li><span class=\"has-inline-color has-black-color\"><strong>2009 Sept: Docent Weerbaarheid &amp; Zelfverdediging<\/strong><br>Edgar Kruyning \u2013 Budo Academy Physical \u2013 Ede, Nederland<\/span><\/li><li><span class=\"has-inline-color has-black-color\"><strong>2009<br><\/strong>Edgar Kruyning \u2013 Budo Academy Physical \u2013 Ede, Nederland<br>* <strong>2009 Dec : Kobudo (Tenshin Shoden Katori Shinto Ryu) 5<sup>e<\/sup> Kyu (groene band)<br><\/strong>* <strong>2009 Jul: 3 maanden Uchi Deshi bij Edgar Kruyning<\/strong><br>* <strong>2009 Jul: Yoseikan Jujutsu 3<sup>e<\/sup> Kyu (Bruine band)<br><\/strong>* <strong>2009 Jul: Yoseikan Aikido 4<sup>e<\/sup> Kyu (blauwe band)<\/strong><\/span><\/li><li><span class=\"has-inline-color has-black-color\"><strong>2008<\/strong><br>Edgar Kruyning \u2013 Budo Academy Physical \u2013 Ede, Nederland<br>* <strong>2008 Dec: Judo 2<sup>e<\/sup> Kyu (Blauwe band)<\/strong><br>* <strong>2008 Jul : 3 maanden Uchi Deshi bij Edgar Kruyning<\/strong><\/span><\/li><li><span class=\"has-inline-color has-black-color\"><strong>2006 Dec \u2013 Jiu Jitsu 1<sup>e<\/sup> Kyu (Bruine band)<br><\/strong>Universitair Sportcentrum \u2013 Amsterdam, Nederland<\/span><\/li><li><span class=\"has-inline-color has-black-color\"><strong>1991 Sept \u2013 Judo 2<sup>e<\/sup> Kyu (Blauwe band)<br><\/strong>Judoschool Anbergen \u2013 Hoogeveen, Nederland<\/span><\/li><\/ul>\n\n\n\n<p><strong>UNIVERSITAIRE OPLEIDINGEN<\/strong><\/p>\n\n\n\n<ul class=\"wp-block-list\"><li><span class=\"has-inline-color has-black-color\"><strong>2008 Feb: doctoraal\/master Taalwetenschap, specialisatie patholingu\u00efstiek\/ Gebarentaal<br><\/strong>Universiteit van Amsterdam \u2013 Amsterdam, Nederland<\/span><\/li><li><span class=\"has-inline-color has-black-color\"><strong>2002 Aug: Propedeuse Duitse taal- en letterkunde<br><\/strong>Universiteit van Amsterdam \u2013 Amsterdam, Nederland<\/span><\/li><li><span class=\"has-inline-color has-black-color\"><strong>2002 Aug: Propedeuse Nederlandse taal- en letterkunde<\/strong><br>Universiteit van Amsterdam \u2013 Amsterdam, Nederland<\/span><\/li><\/ul>\n\n\n\n<p><\/p>\n","protected":false},"excerpt":{"rendered":"<p>Hieronder mijn uitgebreide opleidings- en ervaringsachtergrond op gebied van: BEGELEIDING, MASSAGE &amp; LICHAAMSWERK | MARTIAL ARTS, OOSTERSE KRIJGSKUNSTEN &amp; ZELFVERDEDIGING | UNIVERSITAIRE OPLEIDINGEN. Wil je meer informatie of wil je een afspraak maken bel of mail me gerust, ik kijk naar je uit. BEGELEIDING, MASSAGE &amp; LICHAAMSWERK 2023 Sept \u2013 From illness to healing \u2013 [&hellip;]<\/p>\n","protected":false},"author":1,"featured_media":0,"parent":0,"menu_order":0,"comment_status":"closed","ping_status":"closed","template":"","meta":{"footnotes":""},"class_list":["post-251","page","type-page","status-publish","hentry"],"_links":{"self":[{"href":"https:\/\/www.carollyne.nl\/en\/wp-json\/wp\/v2\/pages\/251","targetHints":{"allow":["GET"]}}],"collection":[{"href":"https:\/\/www.carollyne.nl\/en\/wp-json\/wp\/v2\/pages"}],"about":[{"href":"https:\/\/www.carollyne.nl\/en\/wp-json\/wp\/v2\/types\/page"}],"author":[{"embeddable":true,"href":"https:\/\/www.carollyne.nl\/en\/wp-json\/wp\/v2\/users\/1"}],"replies":[{"embeddable":true,"href":"https:\/\/www.carollyne.nl\/en\/wp-json\/wp\/v2\/comments?post=251"}],"version-history":[{"count":9,"href":"https:\/\/www.carollyne.nl\/en\/wp-json\/wp\/v2\/pages\/251\/revisions"}],"predecessor-version":[{"id":487,"href":"https:\/\/www.carollyne.nl\/en\/wp-json\/wp\/v2\/pages\/251\/revisions\/487"}],"wp:attachment":[{"href":"https:\/\/www.carollyne.nl\/en\/wp-json\/wp\/v2\/media?parent=251"}],"curies":[{"name":"wp","href":"https:\/\/api.w.org\/{rel}","templated":true}]}}