{"id":11,"date":"2021-05-10T20:58:37","date_gmt":"2021-05-10T20:58:37","guid":{"rendered":"https:\/\/www.carollyne.nl\/?page_id=11"},"modified":"2023-06-26T11:37:13","modified_gmt":"2023-06-26T11:37:13","slug":"over-carollyne","status":"publish","type":"page","link":"https:\/\/www.carollyne.nl\/en\/over-carollyne\/","title":{"rendered":"Carollyne Tjong Ayong"},"content":{"rendered":"\n<p><span class=\"has-inline-color has-black-color\">\u200b<\/span><\/p>\n\n\n\n<div class=\"wp-block-media-text alignwide has-media-on-the-right is-stacked-on-mobile is-vertically-aligned-center\" style=\"grid-template-columns:auto 36%\"><figure class=\"wp-block-media-text__media\"><img loading=\"lazy\" decoding=\"async\" width=\"580\" height=\"644\" src=\"https:\/\/www.carollyne.nl\/wp-content\/uploads\/2021\/06\/2018-07-05-Carollyne.jpg\" alt=\"\" class=\"wp-image-384 size-full\" srcset=\"https:\/\/www.carollyne.nl\/wp-content\/uploads\/2021\/06\/2018-07-05-Carollyne.jpg 580w, https:\/\/www.carollyne.nl\/wp-content\/uploads\/2021\/06\/2018-07-05-Carollyne-270x300.jpg 270w\" sizes=\"auto, (max-width: 580px) 100vw, 580px\" \/><\/figure><div class=\"wp-block-media-text__content\">\n<p>Mijn naam is Carollyne Tjong Ayong en het is mijn kwaliteit en grote passie om mensen met zichzelf in contact te brengen en zich daardoor lekkerder in hun vel te laten voelen. Ik heb een brede opleidingsachtergrond en ervaringsachtergrond in het geven van behandelingen op het gebied van lichamelijke en psychosociale klachten. Mede hierdoor en mijn ervaring in contactsport en contactsportonderwijs heb ik een mooie basis opgebouwd waarmee ik mensen met uiteenlopende klachten en problematiek kan helpen. Bijvoorbeeld lichamelijke beperkingen, chronische (pijn)klachten, psychische problematiek, combinaties hiervan (ook wel &#8220;psychosomatische klachten&#8221;) en sociale problematiek. Ik denk vanuit een bio-psycho-sociaal perspectief en kijk naar ieders persoonlijke situatie en behoefte.<\/p>\n<\/div><\/div>\n\n\n\n<p><span class=\"has-inline-color has-black-color\">Tijdens mijn universitaire opleidingen heb ik in de zorg gewerkt en heb ik veel sport beoefend. Na mijn afstuderen heb ik twee jaar full time geweid aan verdere training een een opleiding in Martial Arts. Daarna heb ik mijn eigen praktijk opgestart. Dat was in 2011. Naast <strong>Individuele Begeleiding<\/strong> geef ik massagebehandelingen, trainingen weerbaarheid &amp; zelfverdediging en therapeutische knuffelsessies.<br><br>Regelmatig volg ik bijscholing in de vorm van cursussen en workshops waardoor ik mij blijf ontwikkelen binnen mijn vakgebied. Door middel van intervisie toets ik mijn rol als zorgverlener.<br><br>Om mijn vak goed uit te kunnen&nbsp;oefenen is het volgens mij noodzakelijk om me te blijven verbreden en verdiepen. Met veel plezier leer ik nieuwe methoden om mijn cli\u00ebnten zo goed mogelijk te ondersteunen bij hun klachten, of ze gewoon te laten genieten van ontspanning en meer flow in het leven.<\/span><\/p>\n\n\n\n<p><\/p>\n\n\n\n<h2 class=\"wp-block-heading\"><span class=\"has-inline-color has-black-color\">WAT BRENG IK MEE?<\/span><\/h2>\n\n\n\n<p><span class=\"has-inline-color has-black-color\">Ik ben goed in kijken, luisteren en aanvoelen wat mensen beweegt, wat ze raakt en hoe ze hierop reageren. De ervaring leert dat ik makkelijk aansluiting vind bij eerder door cli\u00ebnten gevolgde lichaamsgerichte en\/of psychosociale therapie\u00ebn, waardoor kan ik ze ondersteunen in het oefenen en inslijten van daar geleerde vaardigheden. Deze fases lopen doorgaans natuurlijk in elkaar over.<\/span><\/p>\n\n\n\n<p>Naast de hieronder genoemde cursussen en werkervaring bestudeer ik boeken en theorie\u00ebn van o.a. Gabor Mat\u00e9: Wanneer je lichaam nee zegt, Peter Levine: De tijger ontwaakt, Stephen Porges: De Polyvagaaltheorie, Laurence Heller: Ontwikkelingstrauma helen, Iris Koops: Herstellen van narcistische mishandeling, Van weerzin naar weer zin: Carlie van Tongeren &amp; Ingeborg Timmerman, Bessel van der Kolk: Traumasporen.<span class=\"has-inline-color has-black-color\"><br><br>Klik hier voor<\/span> <span style=\"color:#dabb66\" class=\"has-inline-color\"><span style=\"text-decoration: underline;\">ervaringen van cli\u00ebnten<\/span><\/span>.<br><br><a href=\"https:\/\/www.carollyne.nl\/contact\/\" data-type=\"page\" data-id=\"12\"><span style=\"text-decoration: underline;\">Bel of mail me<\/span><\/a> <span class=\"has-inline-color has-black-color\">vrijblijvend voor meer informatie.<\/span><\/p>\n\n\n\n<p><\/p>\n\n\n\n<ul class=\"wp-block-list\"><li><strong>2023 Feb \u2013 Trauma of Racism &#8211; Strategies for Working with the Wounds of Racism<\/strong><br>Georganiseerd door Dr. Thema Bryant en Dr. Ruth Buczynski. Voor dit traumatrainingsprogramma hebben we ons gewend tot 19 experts op het gebied van multiculturele psychologie. Ze deelden hun beste cultureel ge\u00efnformeerde strategie\u00ebn om cli\u00ebnten van kleur te helpen genezen van de verborgen wonden van raciaal trauma. Mogelijk gemaakt door <a rel=\"noreferrer noopener\" href=\"https:\/\/www.nicabm.com\/program\/trauma-racism\/\" target=\"_blank\">NICABM &#8211; National Institute fore the Clinical Application of Behavioural Medicine<\/a> (National Institute voor de klinische toepassing van gedragsgeneeskunde)<\/li><li><strong>2022 April \u2013<\/strong> <strong>The Wisdom of Trauma 70+ hours of continued learning<\/strong><br>Gabor Mat\u00e9 en andere impactvolle stemmen op het gebied van traumagenezing.<br>Deze cursus van Science and Nonduality (<a rel=\"noreferrer noopener\" href=\"https:\/\/www.scienceandnonduality.com\/\" target=\"_blank\">SAND<\/a>) is een essenti\u00eble gids voor het begrijpen en integreren van trauma door middel van educatief materiaal met Dr. Gabor Mat\u00e9, in gesprek met 72 toonaangevende experts, artiesten, auteurs en activisten zoals Stephen W. Porges, Jamie Lee Curtis, Esther Perel, Bessel van der Kolk , Tara Brach, Alanis Morissette, Peter A. Levine, Daniel Siegel, Sia, Marianne Williamson, Sharon Salzberg en nog veel meer. Bezoek voor de volledige lijst en meer info <a rel=\"noreferrer noopener\" href=\"https:\/\/thewisdomoftrauma.com\/the-wisdom-of-trauma-all-access-pass\/\" target=\"_blank\">thewisdomoftrauma.com<\/a> en <a rel=\"noreferrer noopener\" href=\"https:\/\/drgabormate.com\/courses\" target=\"_blank\">drgabormate.com<\/a>.<br><br>Deze krachtige gids geeft iedereen de mogelijkheid om op eigen tempo te onderzoeken hoe trauma zich verhoudt tot elk facet van het leven, inclusief ouderschap, politiek, klimaatcrisis, het medische paradigma, spiritualiteit en meer. Leer van de wijsheid en helderheid van Dr. Mat\u00e9 en andere dynamische stemmen om de individuele en collectieve ervaring op het pad van ware genezing uit te breiden. Inbegrepen in dit programma:<br>* Terugkeren naar heelheid &#8211; een gids voor het begrijpen en integreren van trauma &#8211; 7 uur durende cursus met Dr. Gabor Mat\u00e9<br>* Cursusprogramma van 60 uur over trauma<br>* Serie &#8216;Talks on Trauma&#8217; gepresenteerd door Dr. Gabor Mat\u00e9<br>* Documentaire over het werk van Gabor Mat\u00e9: The Wisdom of Trauma<\/li><li><strong>2020 t\/m heden \u2013 diverse langdurige Individuele Begeleidingstrajecten<\/strong><\/li><li><strong>2019 Mei \u2013 Embodied Trauma Healing \u2013 restoring aliveness<\/strong> (8 dagen seminar)<br>Ralf Marzen \u2013 Sunshine House<br><strong>De onderwerpen:<\/strong> Shocktrauma en Ontwikkelingstrauma. <strong>De benadering van behandeltechnieken:<\/strong> SE (Somatic Experiencing) en NARM (Neuro-Affectief Relationeel Model) zijn lichaamsgerichte therapie\u00ebn die werken met de effecten van shock, trauma en stress. Door toegang te krijgen tot het bewustzijn van het lichaam verbinden ze ons opnieuw met onze eigen natuurlijk (zelf)helende capaciteiten. Hierdoor kunnen zowel fysieke als emotionele symptomen van traumatische gebeurtenissen worden losgelaten.<\/li><li><span class=\"has-inline-color has-black-color\"><strong><strong>2019 Mrt t\/m Jul \u2013 Intensief Individueel Begeleidingstraject<\/strong> <\/strong><\/span><\/li><li><span class=\"has-inline-color has-black-color\"><strong><strong><strong><strong><strong><strong>2017 Mrt t\/m Sept <\/strong>7 trainingsdagen &amp; wekelijkse praktijk<\/strong><\/strong><\/strong><\/strong>ervaring<\/strong><br>* Contact maken vanuit het Gevoel<br>* Su\u00efcide Preventie<br>* Persoonlijkheidsstoornissen<br><strong>Hulplijn Amsterdam<\/strong><\/span><\/li><li><span class=\"has-inline-color has-black-color\"><strong><strong><strong><strong>2011 t\/m 2014 \u2013 Diverse langdurige Individuele Begeleidingstrajecten<\/strong><\/strong><\/strong><\/strong><br><strong>Vriend GGZ, Stichting CAV<\/strong> en <strong>Kopzorg<\/strong><\/span><\/li><\/ul>\n\n\n\n<p><span class=\"has-inline-color has-black-color\">Klik hier voor het<\/span>&nbsp;<a href=\"https:\/\/www.carollyne.nl\/uitgebreide-achtergrond\"><span style=\"text-decoration: underline;\">uitgebreide overzicht<\/span>.<\/a><\/p>\n","protected":false},"excerpt":{"rendered":"<p>\u200b Mijn naam is Carollyne Tjong Ayong en het is mijn kwaliteit en grote passie om mensen met zichzelf in contact te brengen en zich daardoor lekkerder in hun vel te laten voelen. Ik heb een brede opleidingsachtergrond en ervaringsachtergrond in het geven van behandelingen op het gebied van lichamelijke en psychosociale klachten. Mede hierdoor [&hellip;]<\/p>\n","protected":false},"author":1,"featured_media":0,"parent":0,"menu_order":0,"comment_status":"closed","ping_status":"closed","template":"","meta":{"footnotes":""},"class_list":["post-11","page","type-page","status-publish","hentry"],"_links":{"self":[{"href":"https:\/\/www.carollyne.nl\/en\/wp-json\/wp\/v2\/pages\/11","targetHints":{"allow":["GET"]}}],"collection":[{"href":"https:\/\/www.carollyne.nl\/en\/wp-json\/wp\/v2\/pages"}],"about":[{"href":"https:\/\/www.carollyne.nl\/en\/wp-json\/wp\/v2\/types\/page"}],"author":[{"embeddable":true,"href":"https:\/\/www.carollyne.nl\/en\/wp-json\/wp\/v2\/users\/1"}],"replies":[{"embeddable":true,"href":"https:\/\/www.carollyne.nl\/en\/wp-json\/wp\/v2\/comments?post=11"}],"version-history":[{"count":133,"href":"https:\/\/www.carollyne.nl\/en\/wp-json\/wp\/v2\/pages\/11\/revisions"}],"predecessor-version":[{"id":493,"href":"https:\/\/www.carollyne.nl\/en\/wp-json\/wp\/v2\/pages\/11\/revisions\/493"}],"wp:attachment":[{"href":"https:\/\/www.carollyne.nl\/en\/wp-json\/wp\/v2\/media?parent=11"}],"curies":[{"name":"wp","href":"https:\/\/api.w.org\/{rel}","templated":true}]}}